{"id":10,"date":"2020-11-18T00:35:39","date_gmt":"2020-11-17T23:35:39","guid":{"rendered":"http:\/\/swiatowy.pl\/?page_id=10"},"modified":"2020-11-18T00:44:05","modified_gmt":"2020-11-17T23:44:05","slug":"strona-startowa","status":"publish","type":"page","link":"https:\/\/swiatowy.pl\/","title":{"rendered":"Dzie\u0144 dobry!"},"content":{"rendered":"\t\t<div data-elementor-type=\"wp-page\" data-elementor-id=\"10\" class=\"elementor elementor-10\">\n\t\t\t\t\t\t<section class=\"elementor-section elementor-top-section elementor-element elementor-element-4f996437 elementor-section-boxed elementor-section-height-default elementor-section-height-default\" data-id=\"4f996437\" data-element_type=\"section\" data-e-type=\"section\">\n\t\t\t\t\t\t<div class=\"elementor-container elementor-column-gap-default\">\n\t\t\t\t\t<div class=\"elementor-column elementor-col-100 elementor-top-column elementor-element elementor-element-5f05202a\" data-id=\"5f05202a\" data-element_type=\"column\" data-e-type=\"column\">\n\t\t\t<div class=\"elementor-widget-wrap elementor-element-populated\">\n\t\t\t\t\t\t<div class=\"elementor-element elementor-element-b080f4f elementor-widget elementor-widget-image\" data-id=\"b080f4f\" data-element_type=\"widget\" data-e-type=\"widget\" data-widget_type=\"image.default\">\n\t\t\t\t<div class=\"elementor-widget-container\">\n\t\t\t\t\t\t\t\t\t\t\t\t\t\t\t<img decoding=\"async\" src=\"https:\/\/swiatowy.pl\/wp-content\/plugins\/elementor\/assets\/images\/placeholder.png\" title=\"\" alt=\"\" loading=\"lazy\" \/>\t\t\t\t\t\t\t\t\t\t\t\t\t\t\t<\/div>\n\t\t\t\t<\/div>\n\t\t\t\t<div class=\"elementor-element elementor-element-1ed453e elementor-widget elementor-widget-text-editor\" data-id=\"1ed453e\" data-element_type=\"widget\" data-e-type=\"widget\" data-widget_type=\"text-editor.default\">\n\t\t\t\t<div class=\"elementor-widget-container\">\n\t\t\t\t\t\t\t\t\t\n<p>Witamy na stronie firmy Wyr\u00f3b Artyku\u0142\u00f3w z Tworzyw Sztucznych Jan \u015awiatowy. Jeste\u015bmy producentem p\u0142ytek przedsionkowych &#8211; korektor\u00f3w zgryzu. Zapraszamy do zapoznania si\u0119 z informacjami o naszej firmie, o naszych produktach oraz do wsp\u00f3\u0142pracy handlowej.<\/p>\n\t\t\t\t\t\t\t\t<\/div>\n\t\t\t\t<\/div>\n\t\t\t\t\t<\/div>\n\t\t<\/div>\n\t\t\t\t\t<\/div>\n\t\t<\/section>\n\t\t\t\t<section class=\"elementor-section elementor-top-section elementor-element elementor-element-686a93f elementor-section-boxed elementor-section-height-default elementor-section-height-default\" data-id=\"686a93f\" data-element_type=\"section\" data-e-type=\"section\">\n\t\t\t\t\t\t<div class=\"elementor-container elementor-column-gap-default\">\n\t\t\t\t\t<div class=\"elementor-column elementor-col-100 elementor-top-column elementor-element elementor-element-696d2bc\" data-id=\"696d2bc\" data-element_type=\"column\" data-e-type=\"column\">\n\t\t\t<div class=\"elementor-widget-wrap\">\n\t\t\t\t\t\t\t<\/div>\n\t\t<\/div>\n\t\t\t\t\t<\/div>\n\t\t<\/section>\n\t\t\t\t<\/div>\n\t\t","protected":false},"excerpt":{"rendered":"<p>Witamy na stronie firmy Wyr\u00f3b Artyku\u0142\u00f3w z Tworzyw Sztucznych Jan \u015awiatowy. Jeste\u015bmy producentem p\u0142ytek przedsionkowych &#8211; korektor\u00f3w zgryzu. Zapraszamy do zapoznania si\u0119 z informacjami o naszej firmie, o naszych produktach oraz do wsp\u00f3\u0142pracy handlowej.<\/p>\n","protected":false},"author":1,"featured_media":0,"parent":0,"menu_order":0,"comment_status":"closed","ping_status":"closed","template":"","meta":{"footnotes":""},"class_list":["post-10","page","type-page","status-publish","hentry"],"_links":{"self":[{"href":"https:\/\/swiatowy.pl\/index.php?rest_route=\/wp\/v2\/pages\/10","targetHints":{"allow":["GET"]}}],"collection":[{"href":"https:\/\/swiatowy.pl\/index.php?rest_route=\/wp\/v2\/pages"}],"about":[{"href":"https:\/\/swiatowy.pl\/index.php?rest_route=\/wp\/v2\/types\/page"}],"author":[{"embeddable":true,"href":"https:\/\/swiatowy.pl\/index.php?rest_route=\/wp\/v2\/users\/1"}],"replies":[{"embeddable":true,"href":"https:\/\/swiatowy.pl\/index.php?rest_route=%2Fwp%2Fv2%2Fcomments&post=10"}],"version-history":[{"count":5,"href":"https:\/\/swiatowy.pl\/index.php?rest_route=\/wp\/v2\/pages\/10\/revisions"}],"predecessor-version":[{"id":22,"href":"https:\/\/swiatowy.pl\/index.php?rest_route=\/wp\/v2\/pages\/10\/revisions\/22"}],"wp:attachment":[{"href":"https:\/\/swiatowy.pl\/index.php?rest_route=%2Fwp%2Fv2%2Fmedia&parent=10"}],"curies":[{"name":"wp","href":"https:\/\/api.w.org\/{rel}","templated":true}]}}